{"id":8,"date":"2019-12-26T00:05:52","date_gmt":"2019-12-26T00:05:52","guid":{"rendered":"https:\/\/quickerp.app\/blog\/?page_id=8"},"modified":"2021-09-19T00:46:38","modified_gmt":"2021-09-19T00:46:38","slug":"contacto","status":"publish","type":"page","link":"https:\/\/quickerp.app\/blog\/contacto\/","title":{"rendered":"Contacto"},"content":{"rendered":"\n<p>Cu\u00e9ntanos en que podemos ayudarte.<\/p>\n\n\n<div class=\"wp-block-jetpack-contact-form\"><a href=\"https:\/\/quickerp.app\/blog\/contacto\/\" target=\"_blank\" rel=\"noopener noreferrer\">Env\u00eda un formulario.<\/a><\/div>","protected":false},"excerpt":{"rendered":"<p>Cu\u00e9ntanos en que podemos ayudarte.<\/p>\n","protected":false},"author":1,"featured_media":0,"parent":0,"menu_order":0,"comment_status":"closed","ping_status":"closed","template":"","meta":{"advanced_seo_description":"","jetpack_seo_html_title":"","jetpack_seo_noindex":false},"blocksy_meta":{"styles_descriptor":{"styles":{"desktop":"","tablet":"","mobile":""},"google_fonts":[],"version":5}},"jetpack-related-posts":[{"id":1292,"url":"https:\/\/quickerp.app\/blog\/preguntas-frecuentes\/","url_meta":{"origin":8,"position":0},"title":"Preguntas Frecuentes","author":"Wilmor Chavez","date":"septiembre 19, 2021","format":false,"excerpt":"1.\u00bfQu\u00e9 es QuickERP? Es un software de gesti\u00f3n desarrollado para las peque\u00f1as y medianas empresas que les permite poder gestionar sus inventarios, ventas, clientes , productos y mucho mas. QuickERP esta basado en la nube, lo que significa que puede ser accedido desde cualquier parte y desde cualquier dispositivo, permitiendo\u2026","rel":"","context":"Entrada similar","block_context":{"text":"Entrada similar","link":""},"img":{"alt_text":"","src":"","width":0,"height":0},"classes":[]}],"jetpack_sharing_enabled":true,"jetpack_shortlink":"https:\/\/wp.me\/PbJK5a-8","_links":{"self":[{"href":"https:\/\/quickerp.app\/blog\/wp-json\/wp\/v2\/pages\/8"}],"collection":[{"href":"https:\/\/quickerp.app\/blog\/wp-json\/wp\/v2\/pages"}],"about":[{"href":"https:\/\/quickerp.app\/blog\/wp-json\/wp\/v2\/types\/page"}],"author":[{"embeddable":true,"href":"https:\/\/quickerp.app\/blog\/wp-json\/wp\/v2\/users\/1"}],"replies":[{"embeddable":true,"href":"https:\/\/quickerp.app\/blog\/wp-json\/wp\/v2\/comments?post=8"}],"version-history":[{"count":4,"href":"https:\/\/quickerp.app\/blog\/wp-json\/wp\/v2\/pages\/8\/revisions"}],"predecessor-version":[{"id":1308,"href":"https:\/\/quickerp.app\/blog\/wp-json\/wp\/v2\/pages\/8\/revisions\/1308"}],"wp:attachment":[{"href":"https:\/\/quickerp.app\/blog\/wp-json\/wp\/v2\/media?parent=8"}],"curies":[{"name":"wp","href":"https:\/\/api.w.org\/{rel}","templated":true}]}}